{"id":2755,"date":"2024-03-29T01:32:03","date_gmt":"2024-03-29T07:32:03","guid":{"rendered":"https:\/\/oaxacatransportation.com\/?page_id=2755"},"modified":"2025-12-13T11:34:56","modified_gmt":"2025-12-13T17:34:56","slug":"aviso-de-privacidad","status":"publish","type":"page","link":"https:\/\/oaxacaairporttaxi.com\/es\/disclaimer\/","title":{"rendered":"Aviso de Privacidad"},"content":{"rendered":"<section class=\"gb-container gb-container-e94b6441\">\n<div class=\"gb-container gb-container-c7013488\">\n\n<h2 class=\"gb-headline gb-headline-e52e84d8 gb-headline-text\">Aviso de Privacidad<\/h2>\n\n\n\n<p>OaxacaAirportTaxi.com no es el sitio web oficial de los taxis que operan en el Aeropuerto Internacional de Oaxaca, y la informaci\u00f3n presentada en este sitio no es creada, producida ni proporcionada por sus empleados, funcionarios o afiliados.<\/p>\n\n\n\n<p>Este sitio web es una gu\u00eda y recurso informativo independiente de viajes que ofrece servicios de transporte profesionales, confiables y accesibles para quienes desean reservar transporte privado desde o hacia el Aeropuerto Internacional de Oaxaca, as\u00ed como a otros destinos en todo el estado de Oaxaca. Cualquier referencia a servicios comerciales, productos o procesos espec\u00edficos, o el uso de nombres corporativos o comerciales, no constituye una recomendaci\u00f3n ni un respaldo por parte del Aeropuerto Internacional de Oaxaca ni del sindicato local de taxis de Oaxaca.<\/p>\n\n\n\n<p>El t\u00e9rmino \"Aeropuerto de Oaxaca\" y \"Aeropuerto Internacional de Oaxaca\", as\u00ed como todos los logotipos, gr\u00e1ficos, nombres, marcas registradas y\/o derechos de autor relacionados, pertenecen al Aeropuerto Internacional de Oaxaca y se utilizan aqu\u00ed \u00fanicamente con fines descriptivos.&nbsp;<\/p>\n\n\n\n<p>Al usar o accesar a OaxacaAirportTaxi.com usted acepta nuestros t\u00e9rminos y condiciones. Este sito web despliega informaci\u00f3n sobre los servicios de transporte proporcionados, de acuerdo a nuestro mejor conocimiento.&nbsp;<\/p>\n\n\n\n<p>Aunque hacemos nuestro mejor esfuerzo para verificar la precisi\u00f3n de la informaci\u00f3n encontrada en este sitio web, siempre existe la posibilidad de que la informaci\u00f3n encontrada aqu\u00ed pueda estar desactualizada o incorrecta. No hacemos ninguna declaraci\u00f3n, promesa o garant\u00eda sobre la validez, exactitud y adecuaci\u00f3n del contenido de este sitio web y renunciamos expl\u00edcitamente a la responsabilidad por errores y omisiones en la informaci\u00f3n aqu\u00ed mostrada.&nbsp;<\/p>\n\n\n\n<p>No somos responsables de ning\u00fan da\u00f1o directo, indirecto, consecuente, incidental o punitivo que pueda resultar del uso de la informaci\u00f3n presentada en el sitio. Por favor, consulta los organismos p\u00fablicos o privados pertinentes para verificar la informaci\u00f3n que est\u00e1s buscando.<\/p>\n\n\n\n<p><em>Este documento fue actualizado por \u00faltima vez el 13 de Diciembre de 2025.<\/em><\/p>\n\n<\/div>\n<\/section>","protected":false},"excerpt":{"rendered":"<p>Website Disclaimer OaxacaAirportTaxi.com&nbsp;is not the official website for taxis operating at the Oaxaca International Airport and the information presented herein is not created, produced, or delivered by its employees, officials, or affiliates. This website is an independent, informative travel guide and resource that offers professional, reliable and affordable transportation services to those who are interested &#8230; <a title=\"Aviso de Privacidad\" class=\"read-more\" href=\"https:\/\/oaxacaairporttaxi.com\/es\/disclaimer\/\" aria-label=\"Leer m\u00e1s sobre Disclaimer\">Read more<\/a><\/p>","protected":false},"author":1,"featured_media":0,"parent":0,"menu_order":0,"comment_status":"closed","ping_status":"closed","template":"","meta":{"footnotes":""},"class_list":["post-2755","page","type-page","status-publish"],"_links":{"self":[{"href":"https:\/\/oaxacaairporttaxi.com\/es\/wp-json\/wp\/v2\/pages\/2755","targetHints":{"allow":["GET"]}}],"collection":[{"href":"https:\/\/oaxacaairporttaxi.com\/es\/wp-json\/wp\/v2\/pages"}],"about":[{"href":"https:\/\/oaxacaairporttaxi.com\/es\/wp-json\/wp\/v2\/types\/page"}],"author":[{"embeddable":true,"href":"https:\/\/oaxacaairporttaxi.com\/es\/wp-json\/wp\/v2\/users\/1"}],"replies":[{"embeddable":true,"href":"https:\/\/oaxacaairporttaxi.com\/es\/wp-json\/wp\/v2\/comments?post=2755"}],"version-history":[{"count":9,"href":"https:\/\/oaxacaairporttaxi.com\/es\/wp-json\/wp\/v2\/pages\/2755\/revisions"}],"predecessor-version":[{"id":3445,"href":"https:\/\/oaxacaairporttaxi.com\/es\/wp-json\/wp\/v2\/pages\/2755\/revisions\/3445"}],"wp:attachment":[{"href":"https:\/\/oaxacaairporttaxi.com\/es\/wp-json\/wp\/v2\/media?parent=2755"}],"curies":[{"name":"wp","href":"https:\/\/api.w.org\/{rel}","templated":true}]}}