{"id":3242,"date":"2025-01-15T10:34:26","date_gmt":"2025-01-15T16:34:26","guid":{"rendered":"https:\/\/oaxacaairporttaxi.com\/?page_id=3242"},"modified":"2025-12-13T11:39:03","modified_gmt":"2025-12-13T17:39:03","slug":"aviso-de-afiliados","status":"publish","type":"page","link":"https:\/\/oaxacaairporttaxi.com\/es\/affiliate-disclaimer\/","title":{"rendered":"Aviso de Afiliados"},"content":{"rendered":"<p><a href=\"https:\/\/oaxacaairporttaxi.com\/es\/\">OaxacaAirportTaxi.com<\/a> se compromete a proporcionar a los viajeros la informaci\u00f3n m\u00e1s precisa y actualizada sobre servicios de transporte desde y hacia el Aeropuerto Internacional de Oaxaca.<\/p>\n\n\n\n<p>Este sitio web ofrece servicios de transporte a trav\u00e9s de una alianza directa y local en Oaxaca; por lo tanto, actualmente no encontrar\u00e1s enlaces de afiliados en este sitio web.<\/p>\n\n\n\n<p>Ten en cuenta que, aunque nos esforzamos por recomendar \u00fanicamente productos y servicios de la m\u00e1s alta calidad a nuestros lectores, cualquier decisi\u00f3n de compra que realices es responsabilidad tuya. Como siempre, te recomendamos revisar todos los t\u00e9rminos y condiciones de cualquier servicio o producto antes de realizar una compra.<\/p>\n\n\n\n<p>Al utilizar este sitio web, reconoces y aceptas que OaxacaAirportTaxi.com puede generar comisiones por afiliaci\u00f3n seg\u00fan lo descrito anteriormente.<\/p>\n\n\n\n<p>\u00a1Gracias por el continuo apoyo!<\/p>\n\n\n\n<p><em>Este documento fue actualizado por \u00faltima vez el 13 de Diciembre de 2025.<\/em><\/p>","protected":false},"excerpt":{"rendered":"<p>OaxacaAirportTaxi.com is committed to providing the most accurate, up-to-date information to travelers for transportation services to\/from Oaxaca International Airport. This website offers transportation services through a direct, local partnership in Oaxaca, therefore you will not find any affiliate links on this website at this time. Please note that while we strive to recommend only the &#8230; <a title=\"Aviso de Afiliados\" class=\"read-more\" href=\"https:\/\/oaxacaairporttaxi.com\/es\/affiliate-disclaimer\/\" aria-label=\"Leer m\u00e1s sobre Affiliate Disclaimer\">Read more<\/a><\/p>","protected":false},"author":1,"featured_media":0,"parent":0,"menu_order":0,"comment_status":"closed","ping_status":"closed","template":"","meta":{"footnotes":""},"class_list":["post-3242","page","type-page","status-publish"],"_links":{"self":[{"href":"https:\/\/oaxacaairporttaxi.com\/es\/wp-json\/wp\/v2\/pages\/3242","targetHints":{"allow":["GET"]}}],"collection":[{"href":"https:\/\/oaxacaairporttaxi.com\/es\/wp-json\/wp\/v2\/pages"}],"about":[{"href":"https:\/\/oaxacaairporttaxi.com\/es\/wp-json\/wp\/v2\/types\/page"}],"author":[{"embeddable":true,"href":"https:\/\/oaxacaairporttaxi.com\/es\/wp-json\/wp\/v2\/users\/1"}],"replies":[{"embeddable":true,"href":"https:\/\/oaxacaairporttaxi.com\/es\/wp-json\/wp\/v2\/comments?post=3242"}],"version-history":[{"count":3,"href":"https:\/\/oaxacaairporttaxi.com\/es\/wp-json\/wp\/v2\/pages\/3242\/revisions"}],"predecessor-version":[{"id":3447,"href":"https:\/\/oaxacaairporttaxi.com\/es\/wp-json\/wp\/v2\/pages\/3242\/revisions\/3447"}],"wp:attachment":[{"href":"https:\/\/oaxacaairporttaxi.com\/es\/wp-json\/wp\/v2\/media?parent=3242"}],"curies":[{"name":"wp","href":"https:\/\/api.w.org\/{rel}","templated":true}]}}